{"id":2,"date":"2025-05-13T12:28:52","date_gmt":"2025-05-13T12:28:52","guid":{"rendered":"https:\/\/kandydat.edukaina.pl\/?page_id=2"},"modified":"2025-05-13T11:12:46","modified_gmt":"2025-05-13T11:12:46","slug":"sample-page","status":"publish","type":"page","link":"https:\/\/kandydat.edukaina.pl\/index.php\/sample-page\/","title":{"rendered":"Formularz kandydata"},"content":{"rendered":"\r\n<form\r\n  id=\"kandydatForm\"\r\n  method=\"post\"\r\n  action=\"\/send_mail.php\"\r\n  enctype=\"multipart\/form-data\"\r\n  novalidate>\r\n\r\n  <!-- Krok 1 -->\r\n  <div class=\"step step-1\">\r\n    <h3>Dane podstawowe<\/h3>\r\n    <fieldset>\r\n      <label for=\"fullname\"><strong>Imi\u0119 i nazwisko*<\/strong><\/label>\r\n      <input type=\"text\" id=\"fullname\" name=\"fullname\" class=\"text_nazwisko\" required>\r\n      \r\n    <\/fieldset>\r\n\r\n    <fieldset>\r\n      <legend><strong>Czy mieszkasz w \"Warszawa i okolice\"?<\/strong>*<\/legend>\r\n      <label class=\"inline\"><input type=\"radio\" name=\"in_warsaw\" value=\"tak\" required>Tak<\/label>\r\n      <label class=\"inline\"><input type=\"radio\" name=\"in_warsaw\" value=\"nie\">Nie<\/label>\r\n    <\/fieldset>\r\n\r\n    <div class=\"conditional\" data-depends=\"in_warsaw:tak\">\r\n      <fieldset>\r\n        <legend><strong>Czy jeste\u015b gotowy\/a prowadzi\u0107 lekcje stacjonarne w Warszawa-Wawer?<\/strong>*<\/legend>\r\n        <label class=\"inline\"><input type=\"radio\" name=\"ready_wawer\" value=\"tak\" required>Tak<\/label>\r\n        <label class=\"inline\"><input type=\"radio\" name=\"ready_wawer\" value=\"nie\">Nie - wy\u0142\u0105cznie zdalnie<\/label>\r\n      <\/fieldset>\r\n    <\/div>\r\n\r\n    <fieldset>\r\n      <legend><strong>Gdzie mieszkasz w roku szkolnym?<\/strong>*<\/legend>\r\n      <label for=\"city\">Miasto*<\/label>\r\n      <input type=\"text\" id=\"city\" name=\"city\" class=\"text_city\" required>\r\n      \r\n      <label for=\"postcode\">Kod pocztowy*<\/label>\r\n      <input type=\"text\" id=\"postcode\" name=\"postcode\" class=\"postcode\" required>\r\n    <\/fieldset>\r\n\r\n    <fieldset data-required-group>\r\n      <legend><strong>W jakich rodzajach lekcji masz do\u015bwiadczenie?<\/strong>*<\/legend>\r\n      <label class=\"inline\"><input type=\"checkbox\" name=\"exp_none\" value=\"none\">Jeszcze nie mam do\u015bwiadczenia lub bardzo ma\u0142e<\/label>\r\n      <label class=\"inline\"><input type=\"checkbox\" name=\"exp_break\" value=\"break\">Mia\u0142em\/am przerw\u0119 w udzielaniu lekcji<\/label>\r\n      <label class=\"inline\"><input type=\"checkbox\" name=\"exp_stationary\" value=\"stationary\">Lekcje stacjonarne<\/label>\r\n      <label class=\"inline\"><input type=\"checkbox\" name=\"exp_online\" value=\"online\">Lekcje zdalne<\/label>\r\n      <label class=\"inline\"><input type=\"checkbox\" name=\"exp_pair\" value=\"pair\">Lekcje w parach<\/label>\r\n      <label class=\"inline\"><input type=\"checkbox\" name=\"exp_group\" value=\"group\">Lekcje w grupach (min. 3 uczni\u00f3w)<\/label>\r\n    <\/fieldset>\r\n      <\/div>\r\n<br>\r\n    <!-- tu kiedy\u015b by\u0142o pole txt \"experience\" -- >\r\n\r\n  <!-- Krok 2 -->\r\n  <div class=\"step step-2\" style=\"display:none\">\r\n    <h3>Przedmioty, kt\u00f3rych mo\u017cesz uczy\u0107:<\/h3>\r\n    <div class=\"subjects-container\">\r\n      <div class=\"subject-group\">\r\n        <fieldset>\r\n          <legend><strong>Nazwa przedmiotu (kr\u00f3tka, bez poziomu itp.)<\/strong>*<\/legend>     <p style=\"font-size: 15px\">Wpisz tu tylko jeden przedmiot - by doda\u0107 kolejny u\u017cyj przycisku<br><strong>[dodaj kolejny przedmiot]<\/strong> znajduj\u0105cego si\u0119 na dole<\/p>\r\n          <input type=\"text\" id=\"subject0\" name=\"subject_name[]\" required>\r\n        <\/fieldset>\r\n        <br>\r\n        <fieldset data-required-group>\r\n          <legend><strong>Wybierz poziom(-y) Twojego przedmiotu:<\/strong><\/legend>\r\n          <label class=\"inline\"><input type=\"checkbox\" name=\"subject_levels[0][]\" value=\"Klasa_do_6\">Szko\u0142a podst. klasy 3-6<\/label>\r\n          <label class=\"inline\"><input type=\"checkbox\" name=\"subject_levels[0][]\" value=\"Klasa_7_8\">Szko\u0142a podst. klasy 7\u20138<\/label>\r\n          <label class=\"inline\"><input type=\"checkbox\" name=\"subject_levels[0][]\" value=\"Egz_8KL\">Egzamin 8 KL<\/label>\r\n          <label class=\"inline\"><input type=\"checkbox\" name=\"subject_levels[0][]\" value=\"Szk_sred_PP\">Szko\u0142a \u015br. PP<\/label>\r\n          <label class=\"inline\"><input type=\"checkbox\" name=\"subject_levels[0][]\" value=\"Szk_sred_PR\">Szko\u0142a \u015br. PR<\/label>\r\n          <label class=\"inline\"><input type=\"checkbox\" name=\"subject_levels[0][]\" value=\"Matura_PP\">Matura PP<\/label>\r\n          <label class=\"inline\"><input type=\"checkbox\" name=\"subject_levels[0][]\" value=\"Matura_PR\">Matura PR<\/label>\r\n        <\/fieldset>\r\n      <\/div>\r\n    <\/div>\r\n    <button type=\"button\" id=\"addSubject\">Dodaj kolejny przedmiot<\/button>\r\n  <\/div>\r\n\r\n  <!-- Krok 3 -->\r\n  <div class=\"step step-3\" style=\"display:none\">\r\n    <h3>Informacje ko\u0144cowe<\/h3>\r\n    <label for=\"role\">Kim jeste\u015b?*<\/label>\r\n    <select id=\"role\" name=\"role\" required>\r\n      <option value=\"\" disabled selected hidden>> wybierz <<<\/option>\r\n      <option value=\"Student\">Student<\/option>\r\n      <option value=\"Student kier. nauczycielski\">Student kier. nauczycielski<\/option>\r\n      <option value=\"Nauczyciel aktywny\">Nauczyciel aktywny<\/option>\r\n      <option value=\"Nauczyciel NIEaktywny\">Nauczyciel NIEaktywny<\/option>\r\n      <option value=\"Inne\">Inne<\/option>\r\n    <\/select>\r\n    <hr>\r\n    <label for=\"PLN_online\">Oczekiwana stawka za 60 min. lekcji indywid. ONLINE:<\/label>\r\n    <input type=\"text\" id=\"PLN_online\" name=\"PLN_online\" class=\"rate-online\">\r\n    \r\n    <label for=\"PLN_stac\">Oczekiwana stawka za 60 min. lekcji indyw. STACJONARNIE:<\/label>\r\n    <input type=\"text\" id=\"PLN_stac\" name=\"PLN_stac\" class=\"rate-stac\">\r\n    <p style=\"font-size: 14px\">***Wpisz stawk\u0119 0 (\"zero\") przy formie zaj\u0119\u0107, kt\u00f3rej nie oferujesz<\/p>\r\n    <hr>\r\n    <label for=\"phone\">Tw\u00f3j nr telefonu:*<\/label>\r\n    <input type=\"tel\" id=\"phone\" name=\"phone\" required>\r\n    \r\n    <label for=\"email\">Tw\u00f3j adres e-mail:*<\/label>\r\n    <input type=\"email\" id=\"email\" name=\"email\" required>\r\n    <hr>\r\n    <label for=\"notes\">Powiedz nam co\u015b o sobie:<\/label>\r\n    <textarea id=\"experience\" name=\"experience\" class=\"uwagi_1\" rows=\"4\"><\/textarea>\r\n    <hr>\r\n    <label for=\"cv\">Plik CV (niewymagane), tylko pliki .pdf,.doc,.docx<\/label>\r\n    <input type=\"file\" id=\"cv\" name=\"cv\" accept=\".pdf,.doc,.docx\">\r\n    <hr>\r\n    <div class=\"rodo-consent\">\r\n      <label class=\"inline\">\r\n        <input type=\"checkbox\" name=\"accept_rodo\" required>\r\n        <span style=\"font-size: 16px\">Zgadzam si\u0119 na przetwarzanie moich danych na potrzeby rekrutacji.<\/span>\r\n        <button type=\"button\" id=\"toggleConsent\">pe\u0142ny tekst zgody<\/button>\r\n      <\/label>\r\n      <div id=\"consentText\" class=\"consent-text\" style=\"display:none;\">\r\n        <p style=\"font-size: 13px\">Wyra\u017cam zgod\u0119 na przetwarzanie moich danych osobowych przez firm\u0119 Edukaina oraz podmioty powi\u0105zane zaanga\u017cowane w proces regrutacji, dla potrzeb niezb\u0119dnych do realizacji procesu rekrutacji (zgodnie z ustaw\u0105 z dnia 10 maja 2018 roku o ochronie danych osobowych oraz zgodnie z Rozporz\u0105dzeniem Parlamentu Europejskiego i Rady (UE) 2016\/679 z dnia 27 kwietnia 2016 r. w sprawie ochrony os\u00f3b fizycznych w zwi\u0105zku z przetwarzaniem danych osobowych i w sprawie swobodnego przep\u0142ywu takich danych oraz uchylenia dyrektywy 95\/46\/WE (RODO))<\/p><hr>\r\n      <\/div>\r\n    <\/div>\r\n  <\/div>\r\n\r\n  <!-- Nawigacja -->\r\n  <div class=\"navigation\">\r\n    <button type=\"button\" id=\"prevBtn\" style=\"display:none\">Wstecz<\/button>\r\n    <button type=\"button\" id=\"nextBtn\">Dalej<\/button>\r\n    <button type=\"submit\" id=\"submitBtn\" style=\"display:none\">Prze\u015blij<\/button>\r\n  <\/div>\r\n  <input type=\"hidden\" id=\"kandydat_nonce\" name=\"kandydat_nonce\" value=\"b740e9cf7d\" \/><input type=\"hidden\" name=\"_wp_http_referer\" value=\"\/index.php\/wp-json\/wp\/v2\/pages\/2\" \/><\/form>\r\n\r\n\n\n\n\n<p><\/p>\n","protected":false},"excerpt":{"rendered":"","protected":false},"author":1,"featured_media":0,"parent":0,"menu_order":0,"comment_status":"closed","ping_status":"open","template":"","meta":{"footnotes":""},"class_list":["post-2","page","type-page","status-publish","hentry"],"_links":{"self":[{"href":"https:\/\/kandydat.edukaina.pl\/index.php\/wp-json\/wp\/v2\/pages\/2","targetHints":{"allow":["GET"]}}],"collection":[{"href":"https:\/\/kandydat.edukaina.pl\/index.php\/wp-json\/wp\/v2\/pages"}],"about":[{"href":"https:\/\/kandydat.edukaina.pl\/index.php\/wp-json\/wp\/v2\/types\/page"}],"author":[{"embeddable":true,"href":"https:\/\/kandydat.edukaina.pl\/index.php\/wp-json\/wp\/v2\/users\/1"}],"replies":[{"embeddable":true,"href":"https:\/\/kandydat.edukaina.pl\/index.php\/wp-json\/wp\/v2\/comments?post=2"}],"version-history":[{"count":1,"href":"https:\/\/kandydat.edukaina.pl\/index.php\/wp-json\/wp\/v2\/pages\/2\/revisions"}],"predecessor-version":[{"id":7,"href":"https:\/\/kandydat.edukaina.pl\/index.php\/wp-json\/wp\/v2\/pages\/2\/revisions\/7"}],"wp:attachment":[{"href":"https:\/\/kandydat.edukaina.pl\/index.php\/wp-json\/wp\/v2\/media?parent=2"}],"curies":[{"name":"wp","href":"https:\/\/api.w.org\/{rel}","templated":true}]}}